{"id":1263,"date":"2021-12-29T19:22:51","date_gmt":"2021-12-29T18:22:51","guid":{"rendered":"http:\/\/prades-sur-vernazobre.fr\/?page_id=1263"},"modified":"2024-11-07T15:58:19","modified_gmt":"2024-11-07T14:58:19","slug":"demarches-durbanisme","status":"publish","type":"page","link":"https:\/\/prades-sur-vernazobre.fr\/?page_id=1263","title":{"rendered":"D\u00e9marches d&rsquo;urbanisme"},"content":{"rendered":"\n<center>Vous pouvez d\u00e9sormais vous rendre sur le site<br> <br><a href=\"https:\/\/sudherault.geosphere.fr\/guichet-unique\/Login\/Particulier\" target=\"_blank\" rel=\"noopener noreferrer\"><img decoding=\"async\" class=\"size-full wp-image-351\" src=\"https:\/\/prades-sur-vernazobre.fr\/wp-content\/uploads\/2022\/guichetunique.gif\"><\/a><br><br>ou bien vous rendre en mairie afin de d\u00e9poser votre dossier papier.<br><br> ATTENTION : toute demande r\u00e9alis\u00e9e par mail sera d\u00e9sormais rejet\u00e9e.<\/center>\n<center><br><br>&#8212;&#8212;&#8212;&#8212;&#8212;&#8212;&#8212;&#8212;&#8212;&#8212;&#8212;&#8212;&#8212;&#8212;&#8212;&#8212;&#8212;&#8212;&#8212;&#8212;&#8212;&#8212;&#8212;&#8212;&#8212;&#8212;&#8212;&#8212;&#8211;<br>\n\nInstauration de la d\u00e9claration pour l&rsquo;installation de cl\u00f4tures pour l&rsquo;ensemble des communes de la CCSH<br><a href=\"wp-content\/uploads\/2023\/05\/2023deliberation.pdf\" target=\"_blank\" rel=\"noopener noreferrer\"><u><b>A visionner ici<\/b><\/u><\/a><\/center>\n\n\n\n<figure class=\"wp-block-image size-large\"><a href=\"https:\/\/prades-sur-vernazobre.fr\/wp-content\/uploads\/2024\/11\/Demarches-urbanisme-1-sur-2.jpg\"><img decoding=\"async\" loading=\"lazy\" width=\"1024\" height=\"719\" src=\"https:\/\/prades-sur-vernazobre.fr\/wp-content\/uploads\/2024\/11\/Demarches-urbanisme-1-sur-2-1024x719.jpg\" alt=\"\" class=\"wp-image-1568\" srcset=\"https:\/\/prades-sur-vernazobre.fr\/wp-content\/uploads\/2024\/11\/Demarches-urbanisme-1-sur-2-1024x719.jpg 1024w, https:\/\/prades-sur-vernazobre.fr\/wp-content\/uploads\/2024\/11\/Demarches-urbanisme-1-sur-2-300x211.jpg 300w, https:\/\/prades-sur-vernazobre.fr\/wp-content\/uploads\/2024\/11\/Demarches-urbanisme-1-sur-2-768x540.jpg 768w, https:\/\/prades-sur-vernazobre.fr\/wp-content\/uploads\/2024\/11\/Demarches-urbanisme-1-sur-2.jpg 1116w\" sizes=\"(max-width: 1024px) 100vw, 1024px\" \/><\/a><\/figure>\n\n\n\n<p>                       <\/p>\n\n\n\n<p>                           <\/p>\n\n\n\n<p><\/p>\n\n\n\n<figure class=\"wp-block-image size-large\"><a href=\"https:\/\/prades-sur-vernazobre.fr\/wp-content\/uploads\/2024\/11\/Demarches-urbanisme-2-sur-2.jpg\"><img decoding=\"async\" loading=\"lazy\" width=\"1024\" height=\"720\" src=\"https:\/\/prades-sur-vernazobre.fr\/wp-content\/uploads\/2024\/11\/Demarches-urbanisme-2-sur-2-1024x720.jpg\" alt=\"\" class=\"wp-image-1570\" srcset=\"https:\/\/prades-sur-vernazobre.fr\/wp-content\/uploads\/2024\/11\/Demarches-urbanisme-2-sur-2-1024x720.jpg 1024w, https:\/\/prades-sur-vernazobre.fr\/wp-content\/uploads\/2024\/11\/Demarches-urbanisme-2-sur-2-300x211.jpg 300w, https:\/\/prades-sur-vernazobre.fr\/wp-content\/uploads\/2024\/11\/Demarches-urbanisme-2-sur-2-768x540.jpg 768w, https:\/\/prades-sur-vernazobre.fr\/wp-content\/uploads\/2024\/11\/Demarches-urbanisme-2-sur-2.jpg 1118w\" sizes=\"(max-width: 1024px) 100vw, 1024px\" \/><\/a><\/figure>\n","protected":false},"excerpt":{"rendered":"<p>Vous pouvez d\u00e9sormais vous rendre sur le site ou bien vous rendre en mairie afin de d\u00e9poser votre dossier papier. ATTENTION : toute demande r\u00e9alis\u00e9e par mail sera d\u00e9sormais rejet\u00e9e. &#8212;&#8212;&#8212;&#8212;&#8212;&#8212;&#8212;&#8212;&#8212;&#8212;&#8212;&#8212;&#8212;&#8212;&#8212;&#8212;&#8212;&#8212;&#8212;&#8212;&#8212;&#8212;&#8212;&#8212;&#8212;&#8212;&#8212;&#8212;&#8211; Instauration de la d\u00e9claration pour l&rsquo;installation de cl\u00f4tures pour l&rsquo;ensemble des communes de la CCSHA visionner ici<\/p>\n","protected":false},"author":1,"featured_media":0,"parent":0,"menu_order":0,"comment_status":"closed","ping_status":"closed","template":"","meta":[],"_links":{"self":[{"href":"https:\/\/prades-sur-vernazobre.fr\/index.php?rest_route=\/wp\/v2\/pages\/1263"}],"collection":[{"href":"https:\/\/prades-sur-vernazobre.fr\/index.php?rest_route=\/wp\/v2\/pages"}],"about":[{"href":"https:\/\/prades-sur-vernazobre.fr\/index.php?rest_route=\/wp\/v2\/types\/page"}],"author":[{"embeddable":true,"href":"https:\/\/prades-sur-vernazobre.fr\/index.php?rest_route=\/wp\/v2\/users\/1"}],"replies":[{"embeddable":true,"href":"https:\/\/prades-sur-vernazobre.fr\/index.php?rest_route=%2Fwp%2Fv2%2Fcomments&post=1263"}],"version-history":[{"count":23,"href":"https:\/\/prades-sur-vernazobre.fr\/index.php?rest_route=\/wp\/v2\/pages\/1263\/revisions"}],"predecessor-version":[{"id":1574,"href":"https:\/\/prades-sur-vernazobre.fr\/index.php?rest_route=\/wp\/v2\/pages\/1263\/revisions\/1574"}],"wp:attachment":[{"href":"https:\/\/prades-sur-vernazobre.fr\/index.php?rest_route=%2Fwp%2Fv2%2Fmedia&parent=1263"}],"curies":[{"name":"wp","href":"https:\/\/api.w.org\/{rel}","templated":true}]}}