{"id":1418,"date":"2023-06-10T11:58:05","date_gmt":"2023-06-10T10:58:05","guid":{"rendered":"http:\/\/prades-sur-vernazobre.fr\/?page_id=1418"},"modified":"2025-09-09T22:57:25","modified_gmt":"2025-09-09T21:57:25","slug":"arretes-municipaux","status":"publish","type":"page","link":"https:\/\/prades-sur-vernazobre.fr\/?page_id=1418","title":{"rendered":"Arr\u00eat\u00e9s municipaux"},"content":{"rendered":"\n<strong><u>Arr\u00eat\u00e9s municipaux<\/u><\/strong> :<br><a href=\"https:\/\/prades-sur-vernazobre.fr\/wp-content\/uploads\/2023\/arretes\/20230309.pdf\" target=\"_blank\" rel=\"noreferrer noopener\"><img decoding=\"async\" src=\"https:\/\/prades-sur-vernazobre.fr\/wp-content\/uploads\/2023\/arretes\/20230309.gif\" alt=\"\" class=\"wp-image-351\"\/><\/a><a href=\"https:\/\/prades-sur-vernazobre.fr\/wp-content\/uploads\/2023\/arretes\/20230602.pdf\" target=\"_blank\" rel=\"noreferrer noopener\"><img decoding=\"async\" src=\"https:\/\/prades-sur-vernazobre.fr\/wp-content\/uploads\/2023\/arretes\/20230602.gif\" alt=\"\" class=\"wp-image-351\"\/><\/a>\n<a href=\"https:\/\/prades-sur-vernazobre.fr\/wp-content\/uploads\/2023\/arretes\/20230829.pdf\" target=\"_blank\" rel=\"noreferrer noopener\"><img decoding=\"async\" src=\"https:\/\/prades-sur-vernazobre.fr\/wp-content\/uploads\/2023\/arretes\/20230829.gif\" alt=\"\" class=\"wp-image-351\"\/><\/a>\n<a href=\"https:\/\/prades-sur-vernazobre.fr\/wp-content\/uploads\/2023\/arretes\/20230918.pdf\" target=\"_blank\" rel=\"noreferrer noopener\"><img decoding=\"async\" src=\"https:\/\/prades-sur-vernazobre.fr\/wp-content\/uploads\/2023\/arretes\/20230918.gif\" alt=\"\" class=\"wp-image-351\"\/><\/a>\n<a href=\"https:\/\/prades-sur-vernazobre.fr\/wp-content\/uploads\/arretes\/2025-AR-chiens.pdf\" target=\"_blank\" rel=\"noreferrer noopener\"><img decoding=\"async\" src=\"https:\/\/prades-sur-vernazobre.fr\/wp-content\/uploads\/arretes\/2025-AR-chiens.gif\" alt=\"\" class=\"wp-image-351\"\/><\/a>\n<br><br>\n<strong><u>Arr\u00eat\u00e9s pr\u00e9fectoraux<\/u><\/strong> :<br><a href=\"https:\/\/prades-sur-vernazobre.fr\/wp-content\/uploads\/arretes\/prescription_modif_plui.pdf\" target=\"_blank\" rel=\"noreferrer noopener\"><img decoding=\"async\" src=\"https:\/\/prades-sur-vernazobre.fr\/wp-content\/uploads\/arretes\/prescription_modif_plui.gif\" alt=\"\" class=\"wp-image-351\"\/><\/a>\n\n\n\n<p><\/p>\n","protected":false},"excerpt":{"rendered":"<p>Arr\u00eat\u00e9s municipaux : Arr\u00eat\u00e9s pr\u00e9fectoraux :<\/p>\n","protected":false},"author":1,"featured_media":0,"parent":0,"menu_order":0,"comment_status":"closed","ping_status":"closed","template":"","meta":[],"_links":{"self":[{"href":"https:\/\/prades-sur-vernazobre.fr\/index.php?rest_route=\/wp\/v2\/pages\/1418"}],"collection":[{"href":"https:\/\/prades-sur-vernazobre.fr\/index.php?rest_route=\/wp\/v2\/pages"}],"about":[{"href":"https:\/\/prades-sur-vernazobre.fr\/index.php?rest_route=\/wp\/v2\/types\/page"}],"author":[{"embeddable":true,"href":"https:\/\/prades-sur-vernazobre.fr\/index.php?rest_route=\/wp\/v2\/users\/1"}],"replies":[{"embeddable":true,"href":"https:\/\/prades-sur-vernazobre.fr\/index.php?rest_route=%2Fwp%2Fv2%2Fcomments&post=1418"}],"version-history":[{"count":6,"href":"https:\/\/prades-sur-vernazobre.fr\/index.php?rest_route=\/wp\/v2\/pages\/1418\/revisions"}],"predecessor-version":[{"id":1615,"href":"https:\/\/prades-sur-vernazobre.fr\/index.php?rest_route=\/wp\/v2\/pages\/1418\/revisions\/1615"}],"wp:attachment":[{"href":"https:\/\/prades-sur-vernazobre.fr\/index.php?rest_route=%2Fwp%2Fv2%2Fmedia&parent=1418"}],"curies":[{"name":"wp","href":"https:\/\/api.w.org\/{rel}","templated":true}]}}