{"id":1463,"date":"2023-09-21T13:13:11","date_gmt":"2023-09-21T12:13:11","guid":{"rendered":"http:\/\/prades-sur-vernazobre.fr\/?page_id=1463"},"modified":"2026-03-25T11:03:18","modified_gmt":"2026-03-25T10:03:18","slug":"enedis-sivom","status":"publish","type":"page","link":"https:\/\/prades-sur-vernazobre.fr\/?page_id=1463","title":{"rendered":"ENEDIS \/ SIVOM"},"content":{"rendered":"\n<p><strong><u>Enedis :<\/u><\/strong><\/p>\n\n\n\n<p>En cas de coupure de courant \u00e0 votre domicile, Enedis vous informe en temps r\u00e9el sur le site suivant :<\/p>\n\n\n\n<p><a href=\"https:\/\/www.enedis.fr\/panne-et-interruption\">https:\/\/www.enedis.fr\/panne-et-interruption<\/a><\/p>\n\n\n\n<p>Vous avez ainsi la possibilit\u00e9 de conna\u00eetre l&rsquo;heure approximative du retour \u00e0 la normale.<\/p>\n\n\n\n<p>Nous vous remercions de privil\u00e9gier cette consultation avant appel aupr\u00e8s de votre mairie.<\/p>\n\n\n\n<figure class=\"wp-block-image size-large\"><a href=\"http:\/\/prades-sur-vernazobre.fr\/wp-content\/uploads\/2023\/09\/Affiche-enedis-scaled.gif\"><img decoding=\"async\" loading=\"lazy\" width=\"724\" height=\"1024\" src=\"http:\/\/prades-sur-vernazobre.fr\/wp-content\/uploads\/2023\/09\/Affiche-enedis-724x1024.gif\" alt=\"\" class=\"wp-image-1466\" srcset=\"https:\/\/prades-sur-vernazobre.fr\/wp-content\/uploads\/2023\/09\/Affiche-enedis-724x1024.gif 724w, https:\/\/prades-sur-vernazobre.fr\/wp-content\/uploads\/2023\/09\/Affiche-enedis-212x300.gif 212w, https:\/\/prades-sur-vernazobre.fr\/wp-content\/uploads\/2023\/09\/Affiche-enedis-768x1086.gif 768w, https:\/\/prades-sur-vernazobre.fr\/wp-content\/uploads\/2023\/09\/Affiche-enedis-1086x1536.gif 1086w, https:\/\/prades-sur-vernazobre.fr\/wp-content\/uploads\/2023\/09\/Affiche-enedis-1448x2048.gif 1448w\" sizes=\"(max-width: 724px) 100vw, 724px\" \/><\/a><\/figure>\n\n\n\n<p><strong><u>Eau et assainissement :<\/u><\/strong><\/p>\n\n\n\n<p>En cas de fuite d&rsquo;eau ou de probl\u00e8me d&rsquo;assainissement, merci de contacter le Sivom Orb et Vernazobres :<\/p>\n\n\n\n<p><a rel=\"noreferrer noopener\" href=\"tel:0467936070\" target=\"_blank\">04.67.93.60.70<\/a> (heures de bureau)<\/p>\n","protected":false},"excerpt":{"rendered":"<p>Enedis : En cas de coupure de courant \u00e0 votre domicile, Enedis vous informe en temps r\u00e9el sur le site suivant : https:\/\/www.enedis.fr\/panne-et-interruption Vous avez ainsi la possibilit\u00e9 de conna\u00eetre l&rsquo;heure approximative du retour \u00e0 la normale. Nous vous remercions de privil\u00e9gier cette consultation avant appel aupr\u00e8s de votre mairie. Eau et assainissement : En [&hellip;]<\/p>\n","protected":false},"author":1,"featured_media":0,"parent":0,"menu_order":0,"comment_status":"closed","ping_status":"closed","template":"","meta":[],"_links":{"self":[{"href":"https:\/\/prades-sur-vernazobre.fr\/index.php?rest_route=\/wp\/v2\/pages\/1463"}],"collection":[{"href":"https:\/\/prades-sur-vernazobre.fr\/index.php?rest_route=\/wp\/v2\/pages"}],"about":[{"href":"https:\/\/prades-sur-vernazobre.fr\/index.php?rest_route=\/wp\/v2\/types\/page"}],"author":[{"embeddable":true,"href":"https:\/\/prades-sur-vernazobre.fr\/index.php?rest_route=\/wp\/v2\/users\/1"}],"replies":[{"embeddable":true,"href":"https:\/\/prades-sur-vernazobre.fr\/index.php?rest_route=%2Fwp%2Fv2%2Fcomments&post=1463"}],"version-history":[{"count":4,"href":"https:\/\/prades-sur-vernazobre.fr\/index.php?rest_route=\/wp\/v2\/pages\/1463\/revisions"}],"predecessor-version":[{"id":1656,"href":"https:\/\/prades-sur-vernazobre.fr\/index.php?rest_route=\/wp\/v2\/pages\/1463\/revisions\/1656"}],"wp:attachment":[{"href":"https:\/\/prades-sur-vernazobre.fr\/index.php?rest_route=%2Fwp%2Fv2%2Fmedia&parent=1463"}],"curies":[{"name":"wp","href":"https:\/\/api.w.org\/{rel}","templated":true}]}}