{"id":1470,"date":"2023-09-21T13:45:54","date_gmt":"2023-09-21T12:45:54","guid":{"rendered":"http:\/\/prades-sur-vernazobre.fr\/?page_id=1470"},"modified":"2023-09-21T13:45:54","modified_gmt":"2023-09-21T12:45:54","slug":"panneau-pocket","status":"publish","type":"page","link":"https:\/\/prades-sur-vernazobre.fr\/?page_id=1470","title":{"rendered":"PANNEAU POCKET"},"content":{"rendered":"\n<div class=\"wp-block-media-text alignwide is-stacked-on-mobile is-vertically-aligned-top\" style=\"grid-template-columns:27% auto\"><figure class=\"wp-block-media-text__media\"><img decoding=\"async\" loading=\"lazy\" width=\"241\" height=\"77\" src=\"http:\/\/prades-sur-vernazobre.fr\/wp-content\/uploads\/2023\/09\/Screenshot-2023-09-21-at-14-43-07-PanneauPocket-LApplication-Mobile-Pour-Collectivite-en-France.png\" alt=\"\" class=\"wp-image-1471 size-full\"\/><\/figure><div class=\"wp-block-media-text__content\">\n<p><section id=\"home_intro_c\" class=\"slide\"><div class=\"container\"><div class=\"row justify-content-center\"><div class=\"col-12 text\"><p style=\"text-align: justify;\"><strong>L\u2019application mobile d\u2019informations et d\u2019alertes n\u00b01 en France<\/strong> avec plus de <strong>10 500 collectivit\u00e9s \u00e9quip\u00e9es<\/strong>.  Mairies, Gendarmeries, Intercommunalit\u00e9s, Ecoles, RPI des enfants,  Syndicats des eaux \u2026 les citoyens retrouvent leur vie locale dans une  seule et unique application sur leur smartphone. Votre population re\u00e7oit  en temps r\u00e9el les notifications des actualit\u00e9s de leur territoire : <strong>c\u2019est l\u2019information qui va vers l&rsquo;habitant !<\/strong><\/p><\/div><\/div><\/div><\/section><\/p>\n<\/div><\/div>\n\n\n\n<p>Pour connaitre les derni\u00e8res actualit\u00e9s du village  : <a rel=\"noreferrer noopener\" href=\"https:\/\/app.panneaupocket.com\/\" target=\"_blank\">https:\/\/app.panneaupocket.com\/<\/a><\/p>\n","protected":false},"excerpt":{"rendered":"<p>L\u2019application mobile d\u2019informations et d\u2019alertes n\u00b01 en France avec plus de 10 500 collectivit\u00e9s \u00e9quip\u00e9es. Mairies, Gendarmeries, Intercommunalit\u00e9s, Ecoles, RPI des enfants, Syndicats des eaux \u2026 les citoyens retrouvent leur vie locale dans une seule et unique application sur leur smartphone. Votre population re\u00e7oit en temps r\u00e9el les notifications des actualit\u00e9s de leur territoire : [&hellip;]<\/p>\n","protected":false},"author":1,"featured_media":0,"parent":0,"menu_order":0,"comment_status":"closed","ping_status":"closed","template":"","meta":[],"_links":{"self":[{"href":"https:\/\/prades-sur-vernazobre.fr\/index.php?rest_route=\/wp\/v2\/pages\/1470"}],"collection":[{"href":"https:\/\/prades-sur-vernazobre.fr\/index.php?rest_route=\/wp\/v2\/pages"}],"about":[{"href":"https:\/\/prades-sur-vernazobre.fr\/index.php?rest_route=\/wp\/v2\/types\/page"}],"author":[{"embeddable":true,"href":"https:\/\/prades-sur-vernazobre.fr\/index.php?rest_route=\/wp\/v2\/users\/1"}],"replies":[{"embeddable":true,"href":"https:\/\/prades-sur-vernazobre.fr\/index.php?rest_route=%2Fwp%2Fv2%2Fcomments&post=1470"}],"version-history":[{"count":1,"href":"https:\/\/prades-sur-vernazobre.fr\/index.php?rest_route=\/wp\/v2\/pages\/1470\/revisions"}],"predecessor-version":[{"id":1472,"href":"https:\/\/prades-sur-vernazobre.fr\/index.php?rest_route=\/wp\/v2\/pages\/1470\/revisions\/1472"}],"wp:attachment":[{"href":"https:\/\/prades-sur-vernazobre.fr\/index.php?rest_route=%2Fwp%2Fv2%2Fmedia&parent=1470"}],"curies":[{"name":"wp","href":"https:\/\/api.w.org\/{rel}","templated":true}]}}