{"id":614,"date":"2015-09-13T13:40:05","date_gmt":"2015-09-13T12:40:05","guid":{"rendered":"http:\/\/prades-sur-vernazobre.fr\/?page_id=614"},"modified":"2019-08-24T10:25:58","modified_gmt":"2019-08-24T09:25:58","slug":"meteo-en-direct","status":"publish","type":"page","link":"https:\/\/prades-sur-vernazobre.fr\/?page_id=614","title":{"rendered":"M\u00c9T\u00c9O EN DIRECT"},"content":{"rendered":"<p>Station m\u00e9t\u00e9o &#8211; <a href=\"http:\/\/meteo.moerland.com\" target=\"_blank\" rel=\"noopener\">meteo.moerland.com<\/a><\/p>\n<script type='text\/javascript'>  \nwindow.onload = document.write(\"<iframe width='100%' height='340' marginwidth='0' marginheight='0' scrolling='no' frameborder='0'  src='http:\/\/www.infoclimat.fr\/public-api\/mixed\/iframeSLIDE?_ll=43.45,2.9833333&amp;_inc=WyJQcmFkZXMtc3VyLVZlcm5hem9icmUiLCIxMTAiLCIwMDBJMiIsIlNUQSJd&amp;_auth=VU8EE1QqVXdVeAQzVyEFLFU9DjtbLQMkUS1XNA5gAn9RNl8%2BUy9TLlU4AHwPNlZqBTUObQs3BD8EZAV9DX8DYFU2BGBUTlU1VSUEeVd6BTBVeQ5xW2UDO1E7Vy4OYQJgUTJfJVMxUzJVOwB8DzpWZAUpDnELNQQ4BGMFYA1hA2RVPgRgVD5VNFUlBHlXYgU0VTAOa1tiA25RZFdkDjUCY1FgX21TMVM3VSQAag8%2FVmQFNQ5mCz0EPgRiBX0NfwMZVUUEfVR3VXVVbwQgV3oFZFU4Djo%3D&amp;_c=0eb963f09bbc47c0bb3d141bb137d441' ><\/iframe> \"); \n <\/script>\n","protected":false},"excerpt":{"rendered":"<p>Station m\u00e9t\u00e9o &#8211; meteo.moerland.com<\/p>\n","protected":false},"author":1,"featured_media":0,"parent":0,"menu_order":0,"comment_status":"closed","ping_status":"closed","template":"","meta":[],"_links":{"self":[{"href":"https:\/\/prades-sur-vernazobre.fr\/index.php?rest_route=\/wp\/v2\/pages\/614"}],"collection":[{"href":"https:\/\/prades-sur-vernazobre.fr\/index.php?rest_route=\/wp\/v2\/pages"}],"about":[{"href":"https:\/\/prades-sur-vernazobre.fr\/index.php?rest_route=\/wp\/v2\/types\/page"}],"author":[{"embeddable":true,"href":"https:\/\/prades-sur-vernazobre.fr\/index.php?rest_route=\/wp\/v2\/users\/1"}],"replies":[{"embeddable":true,"href":"https:\/\/prades-sur-vernazobre.fr\/index.php?rest_route=%2Fwp%2Fv2%2Fcomments&post=614"}],"version-history":[{"count":16,"href":"https:\/\/prades-sur-vernazobre.fr\/index.php?rest_route=\/wp\/v2\/pages\/614\/revisions"}],"predecessor-version":[{"id":877,"href":"https:\/\/prades-sur-vernazobre.fr\/index.php?rest_route=\/wp\/v2\/pages\/614\/revisions\/877"}],"wp:attachment":[{"href":"https:\/\/prades-sur-vernazobre.fr\/index.php?rest_route=%2Fwp%2Fv2%2Fmedia&parent=614"}],"curies":[{"name":"wp","href":"https:\/\/api.w.org\/{rel}","templated":true}]}}